{"id":9722,"date":"2024-10-01T23:09:12","date_gmt":"2024-10-01T23:09:12","guid":{"rendered":"https:\/\/km-cleaning.com\/commercial\/?page_id=9722"},"modified":"2024-10-23T05:41:13","modified_gmt":"2024-10-23T05:41:13","slug":"nettoyage-des-restaurants","status":"publish","type":"page","link":"https:\/\/km-cleaning.com\/commercial\/nettoyage-des-restaurants\/","title":{"rendered":"Nettoyage des restaurants"},"content":{"rendered":"<div class=\"wpb-content-wrapper\"><p>[vc_row][vc_column width=&#8221;1\/2&#8243;]\t\t\t<link rel=\"stylesheet\" id=\"wd-section-title-css\" href=\"https:\/\/km-cleaning.com\/commercial\/wp-content\/themes\/woodmart\/css\/parts\/el-section-title.min.css?ver=7.5.1\" type=\"text\/css\" media=\"all\" \/> \t\t\t\t\t\t<link rel=\"stylesheet\" id=\"wd-section-title-style-under-and-over-css\" href=\"https:\/\/km-cleaning.com\/commercial\/wp-content\/themes\/woodmart\/css\/parts\/el-section-title-style-under-and-over.min.css?ver=7.5.1\" type=\"text\/css\" media=\"all\" \/> \t\t\t\t\t\t<link rel=\"stylesheet\" id=\"wd-mod-highlighted-text-css\" href=\"https:\/\/km-cleaning.com\/commercial\/wp-content\/themes\/woodmart\/css\/parts\/mod-highlighted-text.min.css?ver=7.5.1\" type=\"text\/css\" media=\"all\" \/> \t\t\t\n\t\t<div id=\"wd-66fc812dd3908\" class=\"title-wrapper wd-wpb set-mb-s reset-last-child  wd-rs-66fc812dd3908 wd-title-color-default wd-title-style-underlined-2 text-left  wd-underline-colored\">\n\t\t\t\n\t\t\t<div class=\"liner-continer\">\n\t\t\t\t<h4 class=\"woodmart-title-container title  wd-font-weight- wd-fontsize-l\" >Nettoyage des restaurants<\/h4>\n\t\t\t\t\t\t\t<\/div>\n\t\t\t\n\t\t\t\n\t\t\t\n\t\t<\/div>\n\t\t\n\t\t[vc_column_text css=&#8221;&#8221; woodmart_inline=&#8221;no&#8221; text_larger=&#8221;no&#8221;]Pour les entreprises qui n\u00e9cessitent la pr\u00e9sence de leurs clients comme les restaurants, le facteur le plus important qui d\u00e9cide du succ\u00e8s ou non de ce service commercial est la propret\u00e9.<\/p>\n<p>Dans les restaurants, c&#8217;est essentiel car les clients remarquent les d\u00e9tails li\u00e9s \u00e0 la propret\u00e9 dans ces commerces comme les tables, les chaises, le sol, les toilettes, les uniformes des serveuses, le menu, etc\u2026 apr\u00e8s quoi le client conclura imm\u00e9diatement s&#8217;il applique les normes internationales de sant\u00e9 alimentaire et s&#8217;il paie. attention \u00e0 la qualit\u00e9, \u00e0 la fra\u00eecheur et \u00e0 la conservation des aliments ou non.[\/vc_column_text][\/vc_column][vc_column width=&#8221;1\/2&#8243; woodmart_bg_position=&#8221;center-center&#8221; woodmart_css_id=&#8221;668ec1c6a668a&#8221; parallax_scroll=&#8221;no&#8221; woodmart_sticky_column=&#8221;false&#8221; wd_collapsible_content_switcher=&#8221;no&#8221; wd_column_role_offcanvas_desktop=&#8221;no&#8221; wd_column_role_offcanvas_tablet=&#8221;no&#8221; wd_column_role_offcanvas_mobile=&#8221;no&#8221; wd_column_role_content_desktop=&#8221;no&#8221; wd_column_role_content_tablet=&#8221;no&#8221; wd_column_role_content_mobile=&#8221;no&#8221; mobile_bg_img_hidden=&#8221;no&#8221; tablet_bg_img_hidden=&#8221;no&#8221; woodmart_parallax=&#8221;0&#8243; woodmart_box_shadow=&#8221;no&#8221; responsive_spacing=&#8221;eyJwYXJhbV90eXBlIjoid29vZG1hcnRfcmVzcG9uc2l2ZV9zcGFjaW5nIiwic2VsZWN0b3JfaWQiOiI2NjhlYzFjNmE2NjhhIiwic2hvcnRjb2RlIjoidmNfY29sdW1uIiwiZGF0YSI6eyJ0YWJsZXQiOnt9LCJtb2JpbGUiOnt9fX0=&#8221; mobile_reset_margin=&#8221;no&#8221; tablet_reset_margin=&#8221;no&#8221; wd_z_index=&#8221;no&#8221;]\t\t<div id=\"wd-67188c6923836\" class=\"wd-image wd-wpb wd-rs-67188c6923836 text-center \">\n\t\t\t\t\t\t\t<a href=\"tel:+1%20514-591-8620\" >\n\t\t\t\n\t\t\t<img loading=\"lazy\" decoding=\"async\" width=\"615\" height=\"460\" src=\"https:\/\/km-cleaning.com\/commercial\/wp-content\/uploads\/2024\/10\/Resto-Fr.jpg\" class=\"attachment-full size-full\" alt=\"\" srcset=\"https:\/\/km-cleaning.com\/commercial\/wp-content\/uploads\/2024\/10\/Resto-Fr.jpg 615w, https:\/\/km-cleaning.com\/commercial\/wp-content\/uploads\/2024\/10\/Resto-Fr-400x300.jpg 400w\" sizes=\"auto, (max-width: 615px) 100vw, 615px\" \/>\n\t\t\t\t\t\t\t<\/a>\n\t\t\t\t\t<\/div>\n\t\t[\/vc_column][\/vc_row]<\/p>\n<\/div>","protected":false},"excerpt":{"rendered":"<p>[vc_row][vc_column width=&#8221;1\/2&#8243;][vc_column_text css=&#8221;&#8221; woodmart_inline=&#8221;no&#8221; text_larger=&#8221;no&#8221;]Pour les entreprises qui n\u00e9cessitent la pr\u00e9sence de leurs clients comme les restaurants, le facteur le<\/p>\n","protected":false},"author":2,"featured_media":0,"parent":0,"menu_order":0,"comment_status":"closed","ping_status":"closed","template":"","meta":{"footnotes":""},"class_list":["post-9722","page","type-page","status-publish","hentry"],"_links":{"self":[{"href":"https:\/\/km-cleaning.com\/commercial\/wp-json\/wp\/v2\/pages\/9722","targetHints":{"allow":["GET"]}}],"collection":[{"href":"https:\/\/km-cleaning.com\/commercial\/wp-json\/wp\/v2\/pages"}],"about":[{"href":"https:\/\/km-cleaning.com\/commercial\/wp-json\/wp\/v2\/types\/page"}],"author":[{"embeddable":true,"href":"https:\/\/km-cleaning.com\/commercial\/wp-json\/wp\/v2\/users\/2"}],"replies":[{"embeddable":true,"href":"https:\/\/km-cleaning.com\/commercial\/wp-json\/wp\/v2\/comments?post=9722"}],"version-history":[{"count":4,"href":"https:\/\/km-cleaning.com\/commercial\/wp-json\/wp\/v2\/pages\/9722\/revisions"}],"predecessor-version":[{"id":9800,"href":"https:\/\/km-cleaning.com\/commercial\/wp-json\/wp\/v2\/pages\/9722\/revisions\/9800"}],"wp:attachment":[{"href":"https:\/\/km-cleaning.com\/commercial\/wp-json\/wp\/v2\/media?parent=9722"}],"curies":[{"name":"wp","href":"https:\/\/api.w.org\/{rel}","templated":true}]}}