{"id":9726,"date":"2024-10-01T23:10:55","date_gmt":"2024-10-01T23:10:55","guid":{"rendered":"https:\/\/km-cleaning.com\/commercial\/?page_id=9726"},"modified":"2024-10-23T05:42:42","modified_gmt":"2024-10-23T05:42:42","slug":"nettoyage-des-universites-et-ecoles","status":"publish","type":"page","link":"https:\/\/km-cleaning.com\/commercial\/nettoyage-des-universites-et-ecoles\/","title":{"rendered":"Nettoyage des universit\u00e9s et \u00e9coles"},"content":{"rendered":"<div class=\"wpb-content-wrapper\"><p>[vc_row][vc_column width=&#8221;1\/2&#8243;]\t\t\t<link rel=\"stylesheet\" id=\"wd-section-title-css\" href=\"https:\/\/km-cleaning.com\/commercial\/wp-content\/themes\/woodmart\/css\/parts\/el-section-title.min.css?ver=7.5.1\" type=\"text\/css\" media=\"all\" \/> \t\t\t\t\t\t<link rel=\"stylesheet\" id=\"wd-section-title-style-under-and-over-css\" href=\"https:\/\/km-cleaning.com\/commercial\/wp-content\/themes\/woodmart\/css\/parts\/el-section-title-style-under-and-over.min.css?ver=7.5.1\" type=\"text\/css\" media=\"all\" \/> \t\t\t\t\t\t<link rel=\"stylesheet\" id=\"wd-mod-highlighted-text-css\" href=\"https:\/\/km-cleaning.com\/commercial\/wp-content\/themes\/woodmart\/css\/parts\/mod-highlighted-text.min.css?ver=7.5.1\" type=\"text\/css\" media=\"all\" \/> \t\t\t\n\t\t<div id=\"wd-66fc818fb300d\" class=\"title-wrapper wd-wpb set-mb-s reset-last-child  wd-rs-66fc818fb300d wd-title-color-default wd-title-style-underlined-2 text-left  wd-underline-colored\">\n\t\t\t\n\t\t\t<div class=\"liner-continer\">\n\t\t\t\t<h4 class=\"woodmart-title-container title  wd-font-weight- wd-fontsize-l\" >Nettoyage des universit\u00e9s et \u00e9coles<\/h4>\n\t\t\t\t\t\t\t<\/div>\n\t\t\t\n\t\t\t\n\t\t\t\n\t\t<\/div>\n\t\t\n\t\t[vc_column_text css=&#8221;&#8221; woodmart_inline=&#8221;no&#8221; text_larger=&#8221;no&#8221;]la propret\u00e9 dans les \u00e9tablissements d&#8217;enseignement, principalement dans les \u00e9coles et les jardins d&#8217;enfants, est tr\u00e8s importante et figure en t\u00eate des pr\u00e9occupations de tous les parents et responsables scolaires pour fournir un environnement sain et s\u00fbr aux \u00e9l\u00e8ves, car l&#8217;\u00e9cole est l&#8217;endroit o\u00f9 les \u00e9l\u00e8ves passent la plupart de leur temps dans un jour afin que les germes et les bact\u00e9ries se retrouvent partout dans une \u00e9cole : salles de classe, cour de r\u00e9cr\u00e9ation, couloirs, biblioth\u00e8que, toilettes\u2026 Les \u00e9coles sont responsables de prot\u00e9ger leurs \u00e9l\u00e8ves et leurs enseignants contre les germes et les bact\u00e9ries en maintenant la propret\u00e9 des \u00e9coles et en les gardant d\u00e9sinfect\u00e9es. Car si la maladie se propage dans toute l\u2019\u00e9cole, les cons\u00e9quences peuvent \u00eatre d\u00e9vastatrices. La maladie peut se propager non seulement aux membres de l\u2019\u00e9cole mais \u00e9galement \u00e0 d\u2019autres membres de la communaut\u00e9.[\/vc_column_text][\/vc_column][vc_column width=&#8221;1\/2&#8243; woodmart_bg_position=&#8221;center-center&#8221; woodmart_css_id=&#8221;668ec1c6a668a&#8221; parallax_scroll=&#8221;no&#8221; woodmart_sticky_column=&#8221;false&#8221; wd_collapsible_content_switcher=&#8221;no&#8221; wd_column_role_offcanvas_desktop=&#8221;no&#8221; wd_column_role_offcanvas_tablet=&#8221;no&#8221; wd_column_role_offcanvas_mobile=&#8221;no&#8221; wd_column_role_content_desktop=&#8221;no&#8221; wd_column_role_content_tablet=&#8221;no&#8221; wd_column_role_content_mobile=&#8221;no&#8221; mobile_bg_img_hidden=&#8221;no&#8221; tablet_bg_img_hidden=&#8221;no&#8221; woodmart_parallax=&#8221;0&#8243; woodmart_box_shadow=&#8221;no&#8221; responsive_spacing=&#8221;eyJwYXJhbV90eXBlIjoid29vZG1hcnRfcmVzcG9uc2l2ZV9zcGFjaW5nIiwic2VsZWN0b3JfaWQiOiI2NjhlYzFjNmE2NjhhIiwic2hvcnRjb2RlIjoidmNfY29sdW1uIiwiZGF0YSI6eyJ0YWJsZXQiOnt9LCJtb2JpbGUiOnt9fX0=&#8221; mobile_reset_margin=&#8221;no&#8221; tablet_reset_margin=&#8221;no&#8221; wd_z_index=&#8221;no&#8221;]\t\t<div id=\"wd-67188cc19034f\" class=\"wd-image wd-wpb wd-rs-67188cc19034f text-center \">\n\t\t\t\t\t\t\t<a href=\"tel:+1%20514-591-8620\" >\n\t\t\t\n\t\t\t<img loading=\"lazy\" decoding=\"async\" width=\"615\" height=\"460\" src=\"https:\/\/km-cleaning.com\/commercial\/wp-content\/uploads\/2024\/10\/Uni-Schools-Fr.jpg\" class=\"attachment-full size-full\" alt=\"\" srcset=\"https:\/\/km-cleaning.com\/commercial\/wp-content\/uploads\/2024\/10\/Uni-Schools-Fr.jpg 615w, https:\/\/km-cleaning.com\/commercial\/wp-content\/uploads\/2024\/10\/Uni-Schools-Fr-400x300.jpg 400w\" sizes=\"auto, (max-width: 615px) 100vw, 615px\" \/>\n\t\t\t\t\t\t\t<\/a>\n\t\t\t\t\t<\/div>\n\t\t[\/vc_column][\/vc_row]<\/p>\n<\/div>","protected":false},"excerpt":{"rendered":"<p>[vc_row][vc_column width=&#8221;1\/2&#8243;][vc_column_text css=&#8221;&#8221; woodmart_inline=&#8221;no&#8221; text_larger=&#8221;no&#8221;]la propret\u00e9 dans les \u00e9tablissements d&#8217;enseignement, principalement dans les \u00e9coles et les jardins d&#8217;enfants, est tr\u00e8s<\/p>\n","protected":false},"author":2,"featured_media":0,"parent":0,"menu_order":0,"comment_status":"closed","ping_status":"closed","template":"","meta":{"footnotes":""},"class_list":["post-9726","page","type-page","status-publish","hentry"],"_links":{"self":[{"href":"https:\/\/km-cleaning.com\/commercial\/wp-json\/wp\/v2\/pages\/9726","targetHints":{"allow":["GET"]}}],"collection":[{"href":"https:\/\/km-cleaning.com\/commercial\/wp-json\/wp\/v2\/pages"}],"about":[{"href":"https:\/\/km-cleaning.com\/commercial\/wp-json\/wp\/v2\/types\/page"}],"author":[{"embeddable":true,"href":"https:\/\/km-cleaning.com\/commercial\/wp-json\/wp\/v2\/users\/2"}],"replies":[{"embeddable":true,"href":"https:\/\/km-cleaning.com\/commercial\/wp-json\/wp\/v2\/comments?post=9726"}],"version-history":[{"count":4,"href":"https:\/\/km-cleaning.com\/commercial\/wp-json\/wp\/v2\/pages\/9726\/revisions"}],"predecessor-version":[{"id":9802,"href":"https:\/\/km-cleaning.com\/commercial\/wp-json\/wp\/v2\/pages\/9726\/revisions\/9802"}],"wp:attachment":[{"href":"https:\/\/km-cleaning.com\/commercial\/wp-json\/wp\/v2\/media?parent=9726"}],"curies":[{"name":"wp","href":"https:\/\/api.w.org\/{rel}","templated":true}]}}