{"id":9730,"date":"2024-10-01T23:12:35","date_gmt":"2024-10-01T23:12:35","guid":{"rendered":"https:\/\/km-cleaning.com\/commercial\/?page_id=9730"},"modified":"2024-10-23T05:45:40","modified_gmt":"2024-10-23T05:45:40","slug":"nettoyage-de-magasins-de-detail","status":"publish","type":"page","link":"https:\/\/km-cleaning.com\/commercial\/nettoyage-de-magasins-de-detail\/","title":{"rendered":"Nettoyage de magasins de d\u00e9tail"},"content":{"rendered":"<div class=\"wpb-content-wrapper\"><p>[vc_row][vc_column width=&#8221;1\/2&#8243;]\t\t\t<link rel=\"stylesheet\" id=\"wd-section-title-css\" href=\"https:\/\/km-cleaning.com\/commercial\/wp-content\/themes\/woodmart\/css\/parts\/el-section-title.min.css?ver=7.5.1\" type=\"text\/css\" media=\"all\" \/> \t\t\t\t\t\t<link rel=\"stylesheet\" id=\"wd-section-title-style-under-and-over-css\" href=\"https:\/\/km-cleaning.com\/commercial\/wp-content\/themes\/woodmart\/css\/parts\/el-section-title-style-under-and-over.min.css?ver=7.5.1\" type=\"text\/css\" media=\"all\" \/> \t\t\t\t\t\t<link rel=\"stylesheet\" id=\"wd-mod-highlighted-text-css\" href=\"https:\/\/km-cleaning.com\/commercial\/wp-content\/themes\/woodmart\/css\/parts\/mod-highlighted-text.min.css?ver=7.5.1\" type=\"text\/css\" media=\"all\" \/> \t\t\t\n\t\t<div id=\"wd-66fc81f3921d1\" class=\"title-wrapper wd-wpb set-mb-s reset-last-child  wd-rs-66fc81f3921d1 wd-title-color-default wd-title-style-underlined-2 text-left  wd-underline-colored\">\n\t\t\t\n\t\t\t<div class=\"liner-continer\">\n\t\t\t\t<h4 class=\"woodmart-title-container title  wd-font-weight- wd-fontsize-l\" >Nettoyage de magasins de d\u00e9tail<\/h4>\n\t\t\t\t\t\t\t<\/div>\n\t\t\t\n\t\t\t\n\t\t\t\n\t\t<\/div>\n\t\t\n\t\t[vc_column_text css=&#8221;&#8221; woodmart_inline=&#8221;no&#8221; text_larger=&#8221;no&#8221;]Dans les magasins de d\u00e9tail, la pr\u00e9sentation a un impact consid\u00e9rable sur l&#8217;environnement de votre entreprise.<br \/>\nLes premi\u00e8res impressions sont essentielles pour augmenter la probabilit\u00e9 qu\u2019un consommateur ach\u00e8te un produit, augmentant ainsi vos profits. Le nettoyage et l\u2019entretien sont n\u00e9cessaires pour cr\u00e9er une exp\u00e9rience s\u00e9curis\u00e9e et agr\u00e9able.<br \/>\nLes services de nettoyage KM peuvent vous aider \u00e0 conserver l&#8217;apparence de votre magasin de d\u00e9tail en effectuant un nettoyage en profondeur de chaque zone du magasin, en nettoyant les fen\u00eatres et les pr\u00e9sentoirs, car les fen\u00eatres sales laisseront les acheteurs avoir une mauvaise impression de votre entreprise. Les services de nettoyage KM s&#8217;assureront que tout est propre pour que les clients se sentent \u00e0 l&#8217;aise lorsqu&#8217;ils font leurs achats. Qualit\u00e9 de l&#8217;air, les services de nettoyage KM peuvent am\u00e9liorer la qualit\u00e9 de l&#8217;air et le d\u00e9bit d&#8217;air gr\u00e2ce au nettoyage des filtres \u00e0 air du syst\u00e8me CVC.[\/vc_column_text][\/vc_column][vc_column width=&#8221;1\/2&#8243; woodmart_bg_position=&#8221;center-center&#8221; woodmart_css_id=&#8221;668ec1c6a668a&#8221; parallax_scroll=&#8221;no&#8221; woodmart_sticky_column=&#8221;false&#8221; wd_collapsible_content_switcher=&#8221;no&#8221; wd_column_role_offcanvas_desktop=&#8221;no&#8221; wd_column_role_offcanvas_tablet=&#8221;no&#8221; wd_column_role_offcanvas_mobile=&#8221;no&#8221; wd_column_role_content_desktop=&#8221;no&#8221; wd_column_role_content_tablet=&#8221;no&#8221; wd_column_role_content_mobile=&#8221;no&#8221; mobile_bg_img_hidden=&#8221;no&#8221; tablet_bg_img_hidden=&#8221;no&#8221; woodmart_parallax=&#8221;0&#8243; woodmart_box_shadow=&#8221;no&#8221; responsive_spacing=&#8221;eyJwYXJhbV90eXBlIjoid29vZG1hcnRfcmVzcG9uc2l2ZV9zcGFjaW5nIiwic2VsZWN0b3JfaWQiOiI2NjhlYzFjNmE2NjhhIiwic2hvcnRjb2RlIjoidmNfY29sdW1uIiwiZGF0YSI6eyJ0YWJsZXQiOnt9LCJtb2JpbGUiOnt9fX0=&#8221; mobile_reset_margin=&#8221;no&#8221; tablet_reset_margin=&#8221;no&#8221; wd_z_index=&#8221;no&#8221;]\t\t<div id=\"wd-67188d742ee33\" class=\"wd-image wd-wpb wd-rs-67188d742ee33 text-center \">\n\t\t\t\t\t\t\t<a href=\"tel:+1%20514-591-8620\" >\n\t\t\t\n\t\t\t<img loading=\"lazy\" decoding=\"async\" width=\"615\" height=\"460\" src=\"https:\/\/km-cleaning.com\/commercial\/wp-content\/uploads\/2024\/10\/Stores-Fr.jpg\" class=\"attachment-full size-full\" alt=\"\" srcset=\"https:\/\/km-cleaning.com\/commercial\/wp-content\/uploads\/2024\/10\/Stores-Fr.jpg 615w, https:\/\/km-cleaning.com\/commercial\/wp-content\/uploads\/2024\/10\/Stores-Fr-400x300.jpg 400w\" sizes=\"auto, (max-width: 615px) 100vw, 615px\" \/>\n\t\t\t\t\t\t\t<\/a>\n\t\t\t\t\t<\/div>\n\t\t[\/vc_column][\/vc_row]<\/p>\n<\/div>","protected":false},"excerpt":{"rendered":"<p>[vc_row][vc_column width=&#8221;1\/2&#8243;][vc_column_text css=&#8221;&#8221; woodmart_inline=&#8221;no&#8221; text_larger=&#8221;no&#8221;]Dans les magasins de d\u00e9tail, la pr\u00e9sentation a un impact consid\u00e9rable sur l&#8217;environnement de votre entreprise.<\/p>\n","protected":false},"author":2,"featured_media":0,"parent":0,"menu_order":0,"comment_status":"closed","ping_status":"closed","template":"","meta":{"footnotes":""},"class_list":["post-9730","page","type-page","status-publish","hentry"],"_links":{"self":[{"href":"https:\/\/km-cleaning.com\/commercial\/wp-json\/wp\/v2\/pages\/9730","targetHints":{"allow":["GET"]}}],"collection":[{"href":"https:\/\/km-cleaning.com\/commercial\/wp-json\/wp\/v2\/pages"}],"about":[{"href":"https:\/\/km-cleaning.com\/commercial\/wp-json\/wp\/v2\/types\/page"}],"author":[{"embeddable":true,"href":"https:\/\/km-cleaning.com\/commercial\/wp-json\/wp\/v2\/users\/2"}],"replies":[{"embeddable":true,"href":"https:\/\/km-cleaning.com\/commercial\/wp-json\/wp\/v2\/comments?post=9730"}],"version-history":[{"count":4,"href":"https:\/\/km-cleaning.com\/commercial\/wp-json\/wp\/v2\/pages\/9730\/revisions"}],"predecessor-version":[{"id":9804,"href":"https:\/\/km-cleaning.com\/commercial\/wp-json\/wp\/v2\/pages\/9730\/revisions\/9804"}],"wp:attachment":[{"href":"https:\/\/km-cleaning.com\/commercial\/wp-json\/wp\/v2\/media?parent=9730"}],"curies":[{"name":"wp","href":"https:\/\/api.w.org\/{rel}","templated":true}]}}