{"id":9734,"date":"2024-10-01T23:14:17","date_gmt":"2024-10-01T23:14:17","guid":{"rendered":"https:\/\/km-cleaning.com\/commercial\/?page_id=9734"},"modified":"2024-10-23T05:47:00","modified_gmt":"2024-10-23T05:47:00","slug":"nettoyage-dhopitaux-et-de-cliniques","status":"publish","type":"page","link":"https:\/\/km-cleaning.com\/commercial\/nettoyage-dhopitaux-et-de-cliniques\/","title":{"rendered":"Nettoyage d&#8217;h\u00f4pitaux et de cliniques"},"content":{"rendered":"<div class=\"wpb-content-wrapper\"><p>[vc_row][vc_column width=&#8221;1\/2&#8243;]\t\t\t<link rel=\"stylesheet\" id=\"wd-section-title-css\" href=\"https:\/\/km-cleaning.com\/commercial\/wp-content\/themes\/woodmart\/css\/parts\/el-section-title.min.css?ver=7.5.1\" type=\"text\/css\" media=\"all\" \/> \t\t\t\t\t\t<link rel=\"stylesheet\" id=\"wd-section-title-style-under-and-over-css\" href=\"https:\/\/km-cleaning.com\/commercial\/wp-content\/themes\/woodmart\/css\/parts\/el-section-title-style-under-and-over.min.css?ver=7.5.1\" type=\"text\/css\" media=\"all\" \/> \t\t\t\t\t\t<link rel=\"stylesheet\" id=\"wd-mod-highlighted-text-css\" href=\"https:\/\/km-cleaning.com\/commercial\/wp-content\/themes\/woodmart\/css\/parts\/mod-highlighted-text.min.css?ver=7.5.1\" type=\"text\/css\" media=\"all\" \/> \t\t\t\n\t\t<div id=\"wd-66fc8254b6ef2\" class=\"title-wrapper wd-wpb set-mb-s reset-last-child  wd-rs-66fc8254b6ef2 wd-title-color-default wd-title-style-underlined-2 text-left  wd-underline-colored\">\n\t\t\t\n\t\t\t<div class=\"liner-continer\">\n\t\t\t\t<h4 class=\"woodmart-title-container title  wd-font-weight- wd-fontsize-l\" >Nettoyage d'h\u00f4pitaux et de cliniques<\/h4>\n\t\t\t\t\t\t\t<\/div>\n\t\t\t\n\t\t\t\n\t\t\t\n\t\t<\/div>\n\t\t\n\t\t[vc_column_text css=&#8221;&#8221; woodmart_inline=&#8221;no&#8221; text_larger=&#8221;no&#8221;]La propret\u00e9 et l&#8217;hygi\u00e8ne sont essentielles dans tout lieu public, mais dans les h\u00f4pitaux et les cabinets m\u00e9dicaux, elles sont essentielles car la propagation de germes peut mettre en danger les patients d\u00e9j\u00e0 \u00e0 risque. Les h\u00f4pitaux offrent des services m\u00e9dicaux, des interventions chirurgicales et prennent en charge toutes sortes de maladies. Les patients atteints de maladies et de maladies sont hospitalis\u00e9s quotidiennement. Si un h\u00f4pital n&#8217;\u00e9tait pas toujours maintenu propre, il deviendrait rapidement un foyer de maladies transmissibles et non ma\u00eetris\u00e9es qui menacerait la vie de nombreuses personnes hospitalis\u00e9es, et de nombreuses personnes malades \u00e9viteraient compl\u00e8tement d&#8217;y rem\u00e9dier. C\u2019est pourquoi l\u2019importance de la propret\u00e9 dans les h\u00f4pitaux est plus amplifi\u00e9e que dans d\u2019autres secteurs.<\/p>\n<p>Dans les restaurants, c&#8217;est essentiel car les clients remarquent les d\u00e9tails li\u00e9s \u00e0 la propret\u00e9 dans ces commerces comme les tables, les chaises, le sol, les toilettes, les uniformes des serveuses, le menu, etc\u2026 apr\u00e8s quoi le client conclura imm\u00e9diatement s&#8217;il applique les normes internationales de sant\u00e9 alimentaire et s&#8217;il paie. attention \u00e0 la qualit\u00e9, \u00e0 la fra\u00eecheur et \u00e0 la conservation des aliments ou non.[\/vc_column_text][\/vc_column][vc_column width=&#8221;1\/2&#8243; woodmart_bg_position=&#8221;center-center&#8221; woodmart_css_id=&#8221;668ec1c6a668a&#8221; parallax_scroll=&#8221;no&#8221; woodmart_sticky_column=&#8221;false&#8221; wd_collapsible_content_switcher=&#8221;no&#8221; wd_column_role_offcanvas_desktop=&#8221;no&#8221; wd_column_role_offcanvas_tablet=&#8221;no&#8221; wd_column_role_offcanvas_mobile=&#8221;no&#8221; wd_column_role_content_desktop=&#8221;no&#8221; wd_column_role_content_tablet=&#8221;no&#8221; wd_column_role_content_mobile=&#8221;no&#8221; mobile_bg_img_hidden=&#8221;no&#8221; tablet_bg_img_hidden=&#8221;no&#8221; woodmart_parallax=&#8221;0&#8243; woodmart_box_shadow=&#8221;no&#8221; responsive_spacing=&#8221;eyJwYXJhbV90eXBlIjoid29vZG1hcnRfcmVzcG9uc2l2ZV9zcGFjaW5nIiwic2VsZWN0b3JfaWQiOiI2NjhlYzFjNmE2NjhhIiwic2hvcnRjb2RlIjoidmNfY29sdW1uIiwiZGF0YSI6eyJ0YWJsZXQiOnt9LCJtb2JpbGUiOnt9fX0=&#8221; mobile_reset_margin=&#8221;no&#8221; tablet_reset_margin=&#8221;no&#8221; wd_z_index=&#8221;no&#8221;]\t\t<div id=\"wd-67188dc08fee1\" class=\"wd-image wd-wpb wd-rs-67188dc08fee1 text-center \">\n\t\t\t\t\t\t\t<a href=\"tel:+1%20514-591-8620\" >\n\t\t\t\n\t\t\t<img loading=\"lazy\" decoding=\"async\" width=\"615\" height=\"460\" src=\"https:\/\/km-cleaning.com\/commercial\/wp-content\/uploads\/2024\/10\/Hospitals-Fr.jpg\" class=\"attachment-full size-full\" alt=\"\" srcset=\"https:\/\/km-cleaning.com\/commercial\/wp-content\/uploads\/2024\/10\/Hospitals-Fr.jpg 615w, https:\/\/km-cleaning.com\/commercial\/wp-content\/uploads\/2024\/10\/Hospitals-Fr-400x300.jpg 400w\" sizes=\"auto, (max-width: 615px) 100vw, 615px\" \/>\n\t\t\t\t\t\t\t<\/a>\n\t\t\t\t\t<\/div>\n\t\t[\/vc_column][\/vc_row]<\/p>\n<\/div>","protected":false},"excerpt":{"rendered":"<p>[vc_row][vc_column width=&#8221;1\/2&#8243;][vc_column_text css=&#8221;&#8221; woodmart_inline=&#8221;no&#8221; text_larger=&#8221;no&#8221;]La propret\u00e9 et l&#8217;hygi\u00e8ne sont essentielles dans tout lieu public, mais dans les h\u00f4pitaux et les<\/p>\n","protected":false},"author":2,"featured_media":0,"parent":0,"menu_order":0,"comment_status":"closed","ping_status":"closed","template":"","meta":{"footnotes":""},"class_list":["post-9734","page","type-page","status-publish","hentry"],"_links":{"self":[{"href":"https:\/\/km-cleaning.com\/commercial\/wp-json\/wp\/v2\/pages\/9734","targetHints":{"allow":["GET"]}}],"collection":[{"href":"https:\/\/km-cleaning.com\/commercial\/wp-json\/wp\/v2\/pages"}],"about":[{"href":"https:\/\/km-cleaning.com\/commercial\/wp-json\/wp\/v2\/types\/page"}],"author":[{"embeddable":true,"href":"https:\/\/km-cleaning.com\/commercial\/wp-json\/wp\/v2\/users\/2"}],"replies":[{"embeddable":true,"href":"https:\/\/km-cleaning.com\/commercial\/wp-json\/wp\/v2\/comments?post=9734"}],"version-history":[{"count":4,"href":"https:\/\/km-cleaning.com\/commercial\/wp-json\/wp\/v2\/pages\/9734\/revisions"}],"predecessor-version":[{"id":9806,"href":"https:\/\/km-cleaning.com\/commercial\/wp-json\/wp\/v2\/pages\/9734\/revisions\/9806"}],"wp:attachment":[{"href":"https:\/\/km-cleaning.com\/commercial\/wp-json\/wp\/v2\/media?parent=9734"}],"curies":[{"name":"wp","href":"https:\/\/api.w.org\/{rel}","templated":true}]}}