{"id":9738,"date":"2024-10-01T23:15:51","date_gmt":"2024-10-01T23:15:51","guid":{"rendered":"https:\/\/km-cleaning.com\/commercial\/?page_id=9738"},"modified":"2024-10-23T05:49:12","modified_gmt":"2024-10-23T05:49:12","slug":"nettoyage-dhotels-et-de-centres-de-villegiature","status":"publish","type":"page","link":"https:\/\/km-cleaning.com\/commercial\/nettoyage-dhotels-et-de-centres-de-villegiature\/","title":{"rendered":"Nettoyage d\u2019h\u00f4tels et de centres de vill\u00e9giature"},"content":{"rendered":"<div class=\"wpb-content-wrapper\"><p>[vc_row][vc_column width=&#8221;1\/2&#8243;]\t\t\t<link rel=\"stylesheet\" id=\"wd-section-title-css\" href=\"https:\/\/km-cleaning.com\/commercial\/wp-content\/themes\/woodmart\/css\/parts\/el-section-title.min.css?ver=7.5.1\" type=\"text\/css\" media=\"all\" \/> \t\t\t\t\t\t<link rel=\"stylesheet\" id=\"wd-section-title-style-under-and-over-css\" href=\"https:\/\/km-cleaning.com\/commercial\/wp-content\/themes\/woodmart\/css\/parts\/el-section-title-style-under-and-over.min.css?ver=7.5.1\" type=\"text\/css\" media=\"all\" \/> \t\t\t\t\t\t<link rel=\"stylesheet\" id=\"wd-mod-highlighted-text-css\" href=\"https:\/\/km-cleaning.com\/commercial\/wp-content\/themes\/woodmart\/css\/parts\/mod-highlighted-text.min.css?ver=7.5.1\" type=\"text\/css\" media=\"all\" \/> \t\t\t\n\t\t<div id=\"wd-66fc82b49bc73\" class=\"title-wrapper wd-wpb set-mb-s reset-last-child  wd-rs-66fc82b49bc73 wd-title-color-default wd-title-style-underlined-2 text-left  wd-underline-colored\">\n\t\t\t\n\t\t\t<div class=\"liner-continer\">\n\t\t\t\t<h4 class=\"woodmart-title-container title  wd-font-weight- wd-fontsize-l\" >Nettoyage d\u2019h\u00f4tels et de centres de vill\u00e9giature<\/h4>\n\t\t\t\t\t\t\t<\/div>\n\t\t\t\n\t\t\t\n\t\t\t\n\t\t<\/div>\n\t\t\n\t\t[vc_column_text css=&#8221;&#8221; woodmart_inline=&#8221;no&#8221; text_larger=&#8221;no&#8221;]Choisir un h\u00f4tel en fonction de son service de nettoyage est un facteur tr\u00e8s important pour tout client tandis que regarder un h\u00f4tel, c&#8217;est un facteur tr\u00e8s important pour fid\u00e9liser la client\u00e8le. En outre, les gens se tournent vers les h\u00f4tels r\u00e9put\u00e9s pour leur qualit\u00e9 de nettoyage en profondeur et leur attention aux d\u00e9tails. Par cons\u00e9quent, lors du choix d&#8217;un h\u00f4tel de n&#8217;importe quel rang (3,4 ou 5 \u00e9toiles), la priorit\u00e9 de la propret\u00e9 vient en premier dans la liste des services qu&#8217;un client recherchera. En fin de compte, les h\u00f4tels se soucient d\u2019obtenir des commentaires positifs, et inclure des normes \u00e9lev\u00e9es de nettoyage h\u00f4telier est un moyen efficace d\u2019y parvenir. Les clients satisfaits inciteront les gens \u00e0 venir parce qu&#8217;ils sont satisfaits de leurs exp\u00e9riences pass\u00e9es et savent \u00e0 quoi s&#8217;attendre. Avoir un environnement propre et hospitalier produira un b\u00e2timent positif et complet. Une fois que le grand public sera conscient des services d&#8217;am\u00e9lioration de la plus haute qualit\u00e9 dont dispose un h\u00f4tel, il cr\u00e9era un bouche \u00e0 oreille positif et am\u00e9liorera la r\u00e9putation de la marque.<\/p>\n<p>Dans les restaurants, c&#8217;est essentiel car les clients remarquent les d\u00e9tails li\u00e9s \u00e0 la propret\u00e9 dans ces commerces comme les tables, les chaises, le sol, les toilettes, les uniformes des serveuses, le menu, etc\u2026 apr\u00e8s quoi le client conclura imm\u00e9diatement s&#8217;il applique les normes internationales de sant\u00e9 alimentaire et s&#8217;il paie. attention \u00e0 la qualit\u00e9, \u00e0 la fra\u00eecheur et \u00e0 la conservation des aliments ou non.[\/vc_column_text][\/vc_column][vc_column width=&#8221;1\/2&#8243; woodmart_bg_position=&#8221;center-center&#8221; woodmart_css_id=&#8221;668ec1c6a668a&#8221; parallax_scroll=&#8221;no&#8221; woodmart_sticky_column=&#8221;false&#8221; wd_collapsible_content_switcher=&#8221;no&#8221; wd_column_role_offcanvas_desktop=&#8221;no&#8221; wd_column_role_offcanvas_tablet=&#8221;no&#8221; wd_column_role_offcanvas_mobile=&#8221;no&#8221; wd_column_role_content_desktop=&#8221;no&#8221; wd_column_role_content_tablet=&#8221;no&#8221; wd_column_role_content_mobile=&#8221;no&#8221; mobile_bg_img_hidden=&#8221;no&#8221; tablet_bg_img_hidden=&#8221;no&#8221; woodmart_parallax=&#8221;0&#8243; woodmart_box_shadow=&#8221;no&#8221; responsive_spacing=&#8221;eyJwYXJhbV90eXBlIjoid29vZG1hcnRfcmVzcG9uc2l2ZV9zcGFjaW5nIiwic2VsZWN0b3JfaWQiOiI2NjhlYzFjNmE2NjhhIiwic2hvcnRjb2RlIjoidmNfY29sdW1uIiwiZGF0YSI6eyJ0YWJsZXQiOnt9LCJtb2JpbGUiOnt9fX0=&#8221; mobile_reset_margin=&#8221;no&#8221; tablet_reset_margin=&#8221;no&#8221; wd_z_index=&#8221;no&#8221;]\t\t<div id=\"wd-67188e413a221\" class=\"wd-image wd-wpb wd-rs-67188e413a221 text-center \">\n\t\t\t\t\t\t\t<a href=\"tel:+1%20514-591-8620\" >\n\t\t\t\n\t\t\t<img loading=\"lazy\" decoding=\"async\" width=\"615\" height=\"460\" src=\"https:\/\/km-cleaning.com\/commercial\/wp-content\/uploads\/2024\/10\/Hotels-Fr.jpg\" class=\"attachment-full size-full\" alt=\"\" srcset=\"https:\/\/km-cleaning.com\/commercial\/wp-content\/uploads\/2024\/10\/Hotels-Fr.jpg 615w, https:\/\/km-cleaning.com\/commercial\/wp-content\/uploads\/2024\/10\/Hotels-Fr-400x300.jpg 400w\" sizes=\"auto, (max-width: 615px) 100vw, 615px\" \/>\n\t\t\t\t\t\t\t<\/a>\n\t\t\t\t\t<\/div>\n\t\t[\/vc_column][\/vc_row]<\/p>\n<\/div>","protected":false},"excerpt":{"rendered":"<p>[vc_row][vc_column width=&#8221;1\/2&#8243;][vc_column_text css=&#8221;&#8221; woodmart_inline=&#8221;no&#8221; text_larger=&#8221;no&#8221;]Choisir un h\u00f4tel en fonction de son service de nettoyage est un facteur tr\u00e8s important pour<\/p>\n","protected":false},"author":2,"featured_media":0,"parent":0,"menu_order":0,"comment_status":"closed","ping_status":"closed","template":"","meta":{"footnotes":""},"class_list":["post-9738","page","type-page","status-publish","hentry"],"_links":{"self":[{"href":"https:\/\/km-cleaning.com\/commercial\/wp-json\/wp\/v2\/pages\/9738","targetHints":{"allow":["GET"]}}],"collection":[{"href":"https:\/\/km-cleaning.com\/commercial\/wp-json\/wp\/v2\/pages"}],"about":[{"href":"https:\/\/km-cleaning.com\/commercial\/wp-json\/wp\/v2\/types\/page"}],"author":[{"embeddable":true,"href":"https:\/\/km-cleaning.com\/commercial\/wp-json\/wp\/v2\/users\/2"}],"replies":[{"embeddable":true,"href":"https:\/\/km-cleaning.com\/commercial\/wp-json\/wp\/v2\/comments?post=9738"}],"version-history":[{"count":4,"href":"https:\/\/km-cleaning.com\/commercial\/wp-json\/wp\/v2\/pages\/9738\/revisions"}],"predecessor-version":[{"id":9808,"href":"https:\/\/km-cleaning.com\/commercial\/wp-json\/wp\/v2\/pages\/9738\/revisions\/9808"}],"wp:attachment":[{"href":"https:\/\/km-cleaning.com\/commercial\/wp-json\/wp\/v2\/media?parent=9738"}],"curies":[{"name":"wp","href":"https:\/\/api.w.org\/{rel}","templated":true}]}}