{"id":9750,"date":"2024-10-01T23:29:43","date_gmt":"2024-10-01T23:29:43","guid":{"rendered":"https:\/\/km-cleaning.com\/commercial\/?page_id=9750"},"modified":"2024-10-23T03:58:15","modified_gmt":"2024-10-23T03:58:15","slug":"contactez-nous","status":"publish","type":"page","link":"https:\/\/km-cleaning.com\/commercial\/contactez-nous\/","title":{"rendered":"Contactez-nous"},"content":{"rendered":"<div class=\"wpb-content-wrapper\"><p>[vc_row full_width=&#8221;stretch_row&#8221; css_animation=&#8221;none&#8221; woodmart_css_id=&#8221;668fb1c6a8cf2&#8243; responsive_spacing=&#8221;eyJwYXJhbV90eXBlIjoid29vZG1hcnRfcmVzcG9uc2l2ZV9zcGFjaW5nIiwic2VsZWN0b3JfaWQiOiI2NjhmYjFjNmE4Y2YyIiwic2hvcnRjb2RlIjoidmNfcm93IiwiZGF0YSI6eyJ0YWJsZXQiOnsibWFyZ2luLWJvdHRvbSI6IjYwcHgifSwibW9iaWxlIjp7fX19&#8243; mobile_bg_img_hidden=&#8221;no&#8221; tablet_bg_img_hidden=&#8221;no&#8221; woodmart_parallax=&#8221;0&#8243; woodmart_gradient_switch=&#8221;no&#8221; woodmart_box_shadow=&#8221;no&#8221; wd_z_index=&#8221;no&#8221; woodmart_disable_overflow=&#8221;0&#8243; row_reverse_mobile=&#8221;0&#8243; row_reverse_tablet=&#8221;0&#8243; css=&#8221;.vc_custom_1720693217904{background-image: url(http:\/\/km-cleaning.com\/commercial\/wp-content\/uploads\/2024\/04\/window-bg.jpg?id=9434) !important;}&#8221;][vc_column][vc_empty_space height=&#8221;170px&#8221; woodmart_hide_large=&#8221;0&#8243; woodmart_hide_medium=&#8221;0&#8243; woodmart_hide_small=&#8221;0&#8243;][vc_row_inner][vc_column_inner width=&#8221;1\/2&#8243;]\t\t\t<link rel=\"stylesheet\" id=\"wd-info-box-css\" href=\"https:\/\/km-cleaning.com\/commercial\/wp-content\/themes\/woodmart\/css\/parts\/el-info-box.min.css?ver=7.5.1\" type=\"text\/css\" media=\"all\" \/> \t\t\t\t\t\t<link rel=\"stylesheet\" id=\"wd-info-box-style-shadow-and-bg-hover-css\" href=\"https:\/\/km-cleaning.com\/commercial\/wp-content\/themes\/woodmart\/css\/parts\/el-info-box-style-shadow-and-bg-hover.min.css?ver=7.5.1\" type=\"text\/css\" media=\"all\" \/> \t\t\t\t\t\t<div class=\"info-box-wrapper inline-element\">\n\t\t\t\t<div id=\"wd-66fc85fadd61f\" class=\" wd-rs-66fc85fadd61f wd-info-box wd-wpb text-left box-icon-align-left box-style-shadow color-scheme- wd-bg-none wd-items-top with-btn box-btn-static vc_custom_1727825427228\">\n\t\t\t\t\t\t\t\t\t\t<div class=\"info-box-content\">\n\t\t\t\t\t\t<div class=\"info-box-subtitle subtitle-color-default wd-fontsize-xs subtitle-style-default\">OUR HEAD OFFICE<\/div><h4 class=\"info-box-title title box-title-style-default wd-fontsize-m\">VISITEZ NOTRE SI\u00c8GE SOCIAL<br \/>\n\u00c0 Saint-Laurent, Canada<\/h4>\t\t\t\t\t\t<div class=\"info-box-inner set-cont-mb-s reset-last-child\"><p>4949 cote vertu ouest<\/p>\n<div>\n<div>\n<div class=\"vk_sh vk_bk\"><span class=\"fMYBhe\">Saint-Laurent, QC H4S 1E1, Canada<\/span><\/div>\n<\/div>\n<\/div>\n<div class=\"Uekwlc MdlnDb\">\n<div class=\"pBr83e\"><\/div>\n<\/div>\n<p>\n<\/div>\n\n\t\t\t\t\t\t<div class=\"info-btn-wrapper\"><div id=\"wd-6a0345cd3f737\" class=\"  wd-button-wrapper text-left\"><a href=\"https:\/\/km-cleaning.com\/commercial\/about-us\/\" title=\"\" class=\"btn btn-color-default btn-style-link btn-style-rectangle btn-size-default\">En savoir plus sur<\/a><\/div><\/div>\t\t\t\t\t<\/div>\n\n\t\t\t\t\t\n\t\t\t\t\t\t\t\t\t<\/div>\n\t\t\t<\/div>\n\t\t[\/vc_column_inner][vc_column_inner width=&#8221;1\/2&#8243;][\/vc_column_inner][\/vc_row_inner][vc_empty_space height=&#8221;30px&#8221; woodmart_hide_large=&#8221;0&#8243; woodmart_hide_medium=&#8221;0&#8243; woodmart_hide_small=&#8221;0&#8243;][\/vc_column][\/vc_row][vc_row][vc_column width=&#8221;2\/3&#8243;]\t\t\t<link rel=\"stylesheet\" id=\"wd-section-title-css\" href=\"https:\/\/km-cleaning.com\/commercial\/wp-content\/themes\/woodmart\/css\/parts\/el-section-title.min.css?ver=7.5.1\" type=\"text\/css\" media=\"all\" \/> \t\t\t\t\t\t<link rel=\"stylesheet\" id=\"wd-mod-highlighted-text-css\" href=\"https:\/\/km-cleaning.com\/commercial\/wp-content\/themes\/woodmart\/css\/parts\/mod-highlighted-text.min.css?ver=7.5.1\" type=\"text\/css\" media=\"all\" \/> \t\t\t\n\t\t<div id=\"wd-66fc8618bf398\" class=\"title-wrapper wd-wpb set-mb-s reset-last-child  wd-rs-66fc8618bf398 wd-title-color-default wd-title-style-default text-left  wd-underline-colored\">\n\t\t\t\t\t\t\t<div class=\"title-subtitle  subtitle-color-default font-default subtitle-style-default wd-font-weight- wd-fontsize-xs\">INFORMATIONS SUR NOUS<\/div>\n\t\t\t\n\t\t\t<div class=\"liner-continer\">\n\t\t\t\t<h4 class=\"woodmart-title-container title  wd-font-weight- wd-fontsize-l\" >CONTACTEZ-NOUS POUR TOUTE QUESTION<\/h4>\n\t\t\t\t\t\t\t<\/div>\n\t\t\t\n\t\t\t\n\t\t\t\n\t\t<\/div>\n\t\t\n\t\t[vc_column_text css=&#8221;&#8221; woodmart_inline=&#8221;no&#8221; text_larger=&#8221;no&#8221;]<\/p>\n<div class=\"form_embed_shortcode_display \">\n<div class=\"shortcode \">\n<div class=\"embed_code\">\n<div class=\"form_embed_shortcode_display \">\n<div class=\"shortcode \">\n<div class=\"embed_code\"><style type=\"text\/css\">#nex-forms{display:none;}<\/style><div id=\"nf_form_30765\">\r\n\t\t\t\r\n\t\t\t<style type=\"text\/css\">\r\n\t\t\t\r\n\t\t\t\t#nex-forms.contact_us_fr .nf-loader-lds-spinner div:after {background: #40C4FF; }\r\n\t\t\t\t#nex-forms.contact_us_fr .nf-loader-lds-grid div {background: #40C4FF; }\r\n\t\t\t\t#nex-forms.contact_us_fr .nf-loader-lds-ellipsis div { background: #40C4FF;}\r\n\t\t\t\t#nex-forms.contact_us_fr .nf-loader-lds-default div {background: #40C4FF;}\r\n\t\t\t\t#nex-forms.contact_us_fr .nf-loader-lds-roller div:after {background: #40C4FF;}\r\n\t\t\t\t#nex-forms.contact_us_fr .nf-loader-lds-heart div,\r\n\t\t\t\t#nex-forms.contact_us_fr .nf-loader-lds-heart div:after,\r\n\t\t\t\t#nex-forms.contact_us_fr .nf-loader-lds-heart div:before {background: #40C4FF;}\r\n\t\r\n\t\t\t\t\r\n\t\t\t\t#nex-forms.contact_us_fr .nf-loader-lds-facebook div {background: #40C4FF;}\r\n\t\t\t\t#nex-forms.contact_us_fr .nf-loader-lds-circle > div {background: #40C4FF;}\r\n\t\t\t\t\r\n\t\t\t\t#nex-forms.contact_us_fr .nf-loader-lds-dual-ring:after {border: 6px solid #40C4FF;border-color: #40C4FF transparent #40C4FF transparent;}\r\n\t\t\t\t#nex-forms.contact_us_fr .nf-loader-lds-ring div {border: 8px solid #40C4FF;border-color: #40C4FF transparent transparent transparent;}\r\n\t\t\t\t#nex-forms.contact_us_fr .nf-loader-lds-hourglass:after {border: 32px solid #40C4FF;border-color: #40C4FF transparent #40C4FF transparent;}\r\n\t\t\t\t#nex-forms.contact_us_fr .nf-loader-lds-ripple div {border: 4px solid #40C4FF;}\r\n\t\t\t<\/style>\r\n\t\t\t\r\n\t\t\t\r\n\t\t\t<div id=\"nex-forms\" data-loader=\"ellipsis\" data-msg-hide-form=\"yes\" data-msg-position=\"top\" data-msg-placement=\"outside\"  class=\"nex-forms contact_us_fr  \"><div class=\"pre_fill_fields\"><\/div><div class=\"set_form_theme theme-default\"><div class=\"nex_success_message msg_top msgv2 animated hidden\" style=\"display:none;\"><div class=\"nex_success_message_container\" style=\"background: #fff; box-shadow: #00000033 0px 7px 16px 0px; border-radius: 4px; padding: 30px; border-color:#ddd;\"><div class=\"msg_text\"><div class=\"form_field all_fields icon html_fields wow bounceInUp\" style=\"margin-bottom: 15px;\" id=\"_21501\" data-animation-name=\"bounceInUp\">\n\t\t\t\t\t\t\t  <div class=\"edit_mask\"><\/div>\n\t\t\t\t\t\t\t  \n\t\t\t\t\t\t\t\t<div class=\"icon_container_wrapper icon_center\">\n\t\t\t\t\t\t\t\t  <div class=\"icon_container\" id=\"field_container\" style=\"border-width: 0px; background-color: transparent;\">\n\t\t\t\t\t\t\t\t\t<div class=\"\">\n\t\t\t\t\t\t\t\t\t  <div class=\"input_container\">\n\t\t\t\t\t\t\t\t\t\t<div class=\"the_input_element icon_element\" style=\"font-size: 50px; color: #8bc34a;\"><span class=\"fas fa-check-circle\"><\/span><\/div>\n\t\t\t\t\t\t\t\t\t  <\/div>\n\t\t\t\t\t\t\t\t\t<\/div>\n\t\t\t\t\t\t\t\t  <\/div>\n\t\t\t\t\t\t\t\t  \n\t\t\t\t\t\t\t\t<\/div>\n\t\t\t\t\t\t\t  \n\t\t\t\t\t\t\t<\/div>\n\t\t\t\t\t\t\t<div class=\"form_field all_fields html html_fields wow fadeInDown\" style=\"margin-bottom: 15px;\" data-animation-name=\"fadeInDown\" data-wow-delay=\"0.5s\" id=\"_993\">\n\t\t\t\t\t\t\t  <div class=\"edit_mask\"><\/div>\n\t\t\t\t\t\t\t  \n\t\t\t\t\t\t\t\t<div class=\"row\">\n\t\t\t\t\t\t\t\t  <div class=\"col-sm-12\" id=\"field_container\">\n\t\t\t\t\t\t\t\t\t<div class=\"row\">\n\t\t\t\t\t\t\t\t\t  <div class=\"col-sm-12 input_container\">\n\t\t\t\t\t\t\t\t\t\t<div class=\"the_input_element align_center\" data-math-equation=\"\" data-original-math-equation=\"\" data-decimal-places=\"0\">Thank you for connecting with us. We will respond to you shortly.<\/div>\n\t\t\t\t\t\t\t\t\t\t<div style=\"clear:both;\"><\/div>\n\t\t\t\t\t\t\t\t\t  <\/div>\n\t\t\t\t\t\t\t\t\t<\/div>\n\t\t\t\t\t\t\t\t  <\/div>\n\t\t\t\t\t\t\t\t  \n\t\t\t\t\t\t\t\t<\/div>\n\t\t\t\t\t\t\t  \n\t\t\t\t\t\t\t<\/div><\/div><\/div><\/div><div data-timer-start=\"1\" data-timer-end=\"0\" class=\"inner-canvas-container ui-nex-forms-container ui-nex-forms-container-fe  bootstrap\" id=\"ui-nex-forms-container-10\"  ><div class=\"current_step\" style=\"display:none;\">1<\/div><div class=\"last_visited_step\" style=\"display:none;\">1<\/div><div class=\"nex-forms-header-footer nex-forms-header timer_inline timer_right no-front-end\"><\/div><div id=\"the_plugin_url\" style=\"display:none;\">https:\/\/km-cleaning.com\/commercial\/wp-content\/plugins\/nex-forms<\/div><div id=\"nf_save_form_progress\" style=\"display:none;\">false<\/div><div id=\"confirmation_page\" class=\"confirmation_page\" style=\"display:none;\"><\/div><div id=\"on_form_submmision\" class=\"on_form_submmision\" style=\"display:none;\">message<\/div><div class=\"hidden\" id=\"nf_ajax_url\" style=\"display:none;\">https:\/\/km-cleaning.com\/commercial\/wp-admin\/admin-ajax.php<\/div><div class=\"hidden\" id=\"paypal_return_url\" style=\"display:none;\">https:\/\/km-cleaning.com\/commercial\/wp-json\/wp\/v2\/pages\/9750<\/div><div class=\"hidden\" id=\"ms_scroll_to_top\" style=\"display:none;\">yes<\/div><div class=\"v7_container form_type_normal   \" style=\"background: transparent; border-radius: 4px; padding: 30px; border-color: #dddddd;\"><div class=\"current_field_on_focus\" style=\"display:none\">1<\/div><form id=\"10\" class=\"submit-nex-form nex-forms-10\" data-form-id=\"10\" name=\"nex_form\" action=\"https:\/\/km-cleaning.com\/commercial\/wp-admin\/admin-ajax.php\" method=\"post\" enctype=\"multipart\/form-data\"><div class=\"step_transition_in\" style=\"display:none;\">fadeIn<\/div><div class=\"step_transition_out\" style=\"display:none;\">fadeOut<\/div><input type=\"hidden\" name=\"nex_forms_Id\" value=\"10\"><input type=\"hidden\" name=\"page\" value=\"\/commercial\/wp-json\/wp\/v2\/pages\/9750\"><input type=\"hidden\" name=\"ip\" value=\"216.73.217.95\"><input type=\"hidden\" name=\"nf_page_id\" value=\"9750\"><input type=\"hidden\" name=\"nf_page_title\" value=\"Contactez-nous\"><input type=\"text\" name=\"company_url\" value=\"\" placeholder=\"enter company url\" class=\"form-control req\">\n\t\t\t\t\t\t\t<div class=\"form_field hidden\" id=\"_16105\" style=\"\">\n\t\t\t\t\t\t\t\t<input class=\"ms_current_step\" value=\"1\" name=\"ms_current_step\" type=\"hidden\" autocomplete=\"enabled\" id=\"_16105__ms_current_step\">\n\t\t\t\t\t\t\t<\/div>\n\t\t\t\t\t\t\t<div class=\"grid-system-2 has_prefix_icon is_grid\" style=\"\" id=\"_2522\"><div class=\"row grid_row\"><div class=\"grid_input_holder id-_2522  col-sm-6 grid-target-0\" data-grid-width=\"6\" data-grid-num=\"0\"><div class=\"form_field all_fields name preset_fields required has_prefix_icon\" style=\"margin-bottom: 15px;\" id=\"_54945\"><div class=\"row\"><div class=\"col-sm-12\" id=\"field_container\"><div class=\"row\"><div class=\"col-sm-12 label_container align_left\"><label class=\"nf_title \" for=\"input__54945\"><span class=\"the_label\" style=\"font-size: 13px; color: #5b5b5b;\">*Nom<\/span><\/label><\/div><div class=\"col-sm-12  input_container\"><div class=\"input-group\"><span class=\"input-group-addon prefix \" style=\"color: #888888; background: white; border-color: #dddddd;\"><span class=\"fa fas fa-user\" style=\"font-size: 17px;\"><\/span><\/span><input type=\"text\" name=\"nom\" class=\"error_message required form-control the_input_element aling_left align_left\" data-onfocus-color=\"#66AFE9\" data-drop-focus-swadow=\"1\" data-placement=\"bottom\" data-content=\"Required\" title=\"\" data-secondary-message=\"\" style=\"font-size: 13px; color: #5b5b5b; background: white; border-color: #dddddd;\" id=\"input__54945\" autocomplete=\"enabled\"><\/div><\/div><\/div><\/div><\/div><\/div><div class=\"form_field all_fields email email preset_fields required has_prefix_icon\" style=\"margin-bottom: 15px;\" id=\"_1923\"><div class=\"row\"><div class=\"col-sm-12\" id=\"field_container\"><div class=\"row\"><div class=\"col-sm-12 label_container align_left\"><label class=\"nf_title \" for=\"input__1923\"><span class=\"the_label\" style=\"font-size: 13px; color: #5b5b5b;\">*Email<\/span><\/label><\/div><div class=\"col-sm-12  input_container\"><div class=\"input-group\"><span class=\"input-group-addon prefix \" style=\"color: #888888; background: white; border-color: #dddddd;\"><span class=\"fa fas fa-envelope\" style=\"font-size: 17px;\"><\/span><\/span><input type=\"text\" name=\"email\" class=\"error_message required email form-control the_input_element aling_left align_left\" data-onfocus-color=\"#66AFE9\" data-drop-focus-swadow=\"1\" data-placement=\"bottom\" data-content=\"Required\" title=\"\" data-secondary-message=\"Invalid email address\" style=\"font-size: 13px; color: #5b5b5b; background: white; border-color: #dddddd;\" id=\"input__1923\" autocomplete=\"enabled\"><\/div><\/div><\/div><\/div><\/div><\/div><\/div><div class=\"grid_input_holder id-_2522  col-sm-6 grid-target-1\" data-grid-width=\"6\" data-grid-num=\"1\"><div class=\"form_field all_fields phone_number phone_number preset_fields required has_prefix_icon\" style=\"margin-bottom: 15px;\" id=\"_36533\"><div class=\"row\"><div class=\"col-sm-12\" id=\"field_container\"><div class=\"row\"><div class=\"col-sm-12 label_container align_left\"><label class=\"nf_title \" for=\"input__36533\"><span class=\"the_label\" style=\"font-size: 13px; color: #5b5b5b;\">*Num\u00e9ro de t\u00e9l\u00e9phone<\/span><\/label><\/div><div class=\"col-sm-12  input_container\"><div class=\"input-group\"><span class=\"input-group-addon prefix \" style=\"color: #888888; background: white; border-color: #dddddd;\"><span class=\"fa fa fa-phone\" style=\"font-size: 17px;\"><\/span><\/span><input type=\"text\" name=\"num\u00e9ro_de_t\u00e9l\u00e9phone\" class=\"error_message required phone_number form-control the_input_element aling_left align_left\" data-onfocus-color=\"#66AFE9\" data-drop-focus-swadow=\"1\" data-placement=\"bottom\" data-content=\"Required\" title=\"\" data-secondary-message=\"Invalid phone number\" style=\"font-size: 13px; color: #5b5b5b; background: white; border-color: #dddddd;\" id=\"input__36533\" autocomplete=\"enabled\"><\/div><\/div><\/div><\/div><\/div><\/div><div class=\"form_field all_fields text common_fields has_prefix_icon\" style=\"margin-bottom: 15px;\" id=\"_12215\"><div class=\"row\"><div class=\"col-sm-12\" id=\"field_container\"><div class=\"row\"><div class=\"col-sm-12 label_container align_left\"><label class=\"nf_title \" for=\"input__12215\"><span class=\"the_label\" style=\"font-size: 13px; color: #5b5b5b;\">Votre adresse<\/span><\/label><\/div><div class=\"col-sm-12  input_container\"><div class=\"input-group\"><span class=\"input-group-addon prefix\"><span class=\"fas fa-location-arrow\"><\/span><\/span><input type=\"text\" name=\"votre_adresse\" class=\"form-control error_message the_input_element aling_left align_left\" data-maxlength-color=\"label label-success\" data-maxlength-position=\"bottom\" data-maxlength-show=\"false\" data-default-value=\"\" data-onfocus-color=\"#66AFE9\" data-drop-focus-swadow=\"1\" data-placement=\"bottom\" data-content=\"Required\" data-secondary-message=\"\" title=\"\" style=\"font-size: 13px; color: #5b5b5b; background: white; border-color: #dddddd;\" id=\"input__12215\" autocomplete=\"enabled\"><\/div><\/div><\/div><\/div><\/div><\/div><\/div><\/div><\/div><div class=\"grid-system-1 has_prefix_icon is_grid\" id=\"_91188\"><div class=\"row grid_row\"><div class=\"grid_input_holder id-_91188  col-sm-12 grid-target-0\" data-grid-width=\"12\" data-grid-num=\"0\"><div class=\"form_field all_fields textarea common_fields has_prefix_icon\" style=\"margin-bottom: 15px;\" id=\"_37522\"><div class=\"row\"><div class=\"col-sm-12\" id=\"field_container\"><div class=\"row\"><div class=\"col-sm-12 label_container align_left\"><label class=\"nf_title \" for=\"input__37522\"><span class=\"the_label\" style=\"font-size: 13px; color: #5b5b5b;\">Votre message<\/span><\/label><\/div><div class=\"col-sm-12  input_container\"><div class=\"input-group\"><span class=\"input-group-addon prefix\"><span class=\"fas fa-comment-dots\"><\/span><\/span><textarea name=\"votre_message\" placeholder=\"\" data-maxlength-color=\"label label-success\" data-maxlength-position=\"bottom\" data-maxlength-show=\"false\" data-default-value=\"\" class=\"error_message the_input_element textarea pre-format form-control aling_left align_left\" data-onfocus-color=\"#66AFE9\" data-drop-focus-swadow=\"1\" data-placement=\"bottom\" data-content=\"Required\" title=\"\" style=\"font-size: 13px; color: #5b5b5b; background: white; border-color: #dddddd;\" id=\"input__37522\"><\/textarea><\/div><\/div><\/div><\/div><\/div><\/div><\/div><\/div><\/div><div class=\"form_field all_fields submit-button the_submit button_fields common_fields preset_fields special_fields selection_fields\" style=\"margin-bottom: 15px;\" id=\"_23023\"><div class=\"row\"><div class=\"col-sm-12\" id=\"field_container\"><div class=\"row\"><div class=\"col-sm-12 input_container align_right\"><button class=\"nex-submit svg_ready the_input_element btn btn-default\" data-ga=\"\">Soumettre<\/button><\/div><\/div><\/div><\/div><\/div><\/form><\/div><\/div><\/div><\/div><\/div><style type=\"text\/css\" class=\"nex-forms-custom-css\"><\/style><\/div>\n<\/div>\n<\/div>\n<\/div>\n<\/div>\n<\/div>\n<p>[\/vc_column_text][\/vc_column][vc_column width=&#8221;1\/3&#8243; css=&#8221;.vc_custom_1720733897935{padding: 32px !important;}&#8221; woodmart_css_id=&#8221;669050bcc37fb&#8221; parallax_scroll=&#8221;no&#8221; woodmart_sticky_column=&#8221;false&#8221; wd_collapsible_content_switcher=&#8221;no&#8221; wd_column_role_offcanvas_desktop=&#8221;no&#8221; wd_column_role_offcanvas_tablet=&#8221;no&#8221; wd_column_role_offcanvas_mobile=&#8221;no&#8221; wd_column_role_content_desktop=&#8221;no&#8221; wd_column_role_content_tablet=&#8221;no&#8221; wd_column_role_content_mobile=&#8221;no&#8221; mobile_bg_img_hidden=&#8221;no&#8221; tablet_bg_img_hidden=&#8221;no&#8221; woodmart_parallax=&#8221;0&#8243; woodmart_box_shadow=&#8221;no&#8221; responsive_spacing=&#8221;eyJwYXJhbV90eXBlIjoid29vZG1hcnRfcmVzcG9uc2l2ZV9zcGFjaW5nIiwic2VsZWN0b3JfaWQiOiI2NjkwNTBiY2MzN2ZiIiwic2hvcnRjb2RlIjoidmNfY29sdW1uIiwiZGF0YSI6eyJ0YWJsZXQiOnt9LCJtb2JpbGUiOnt9fX0=&#8221; mobile_reset_margin=&#8221;no&#8221; tablet_reset_margin=&#8221;no&#8221; wd_z_index=&#8221;no&#8221;]\n\t\t<div id=\"wd-66fc86265e459\" class=\"title-wrapper wd-wpb set-mb-s reset-last-child  wd-rs-66fc86265e459 wd-title-color-default wd-title-style-default text-left  wd-underline-colored\">\n\t\t\t\t\t\t\t<div class=\"title-subtitle  subtitle-color-default font-default subtitle-style-default wd-font-weight- wd-fontsize-xs\">COMMENT NOUS REJOINDRE<\/div>\n\t\t\t\n\t\t\t<div class=\"liner-continer\">\n\t\t\t\t<h4 class=\"woodmart-title-container title  wd-font-weight- wd-fontsize-l\" >COORDONN\u00c9ES<\/h4>\n\t\t\t\t\t\t\t<\/div>\n\t\t\t\n\t\t\t\n\t\t\t\n\t\t<\/div>\n\t\t\n\t\t[vc_empty_space woodmart_hide_large=&#8221;0&#8243; woodmart_hide_medium=&#8221;0&#8243; woodmart_hide_small=&#8221;0&#8243;]\t\t\t<link rel=\"stylesheet\" id=\"wd-social-icons-css\" href=\"https:\/\/km-cleaning.com\/commercial\/wp-content\/themes\/woodmart\/css\/parts\/el-social-icons.min.css?ver=7.5.1\" type=\"text\/css\" media=\"all\" \/> \t\t\t\n\t\t\t<div class=\" wd-rs-669052679e8fa wd-social-icons  icons-design-default icons-size-default color-scheme-dark social-follow social-form-circle text-left\">\n\n\t\t\t\t\t\t\t\t\t<span class=\"wd-label\">Follow us:<\/span>\n\t\t\t\t\n\t\t\t\t\t\t\t\t\t<a rel=\"noopener noreferrer nofollow\" href=\"https:\/\/www.facebook.com\/profile.php?id=100063837204100\" target=\"_blank\" class=\" wd-social-icon social-facebook\" aria-label=\"Facebook social link\">\n\t\t\t\t\t\t<span class=\"wd-icon\"><\/span>\n\t\t\t\t\t\t\t\t\t\t\t<\/a>\n\t\t\t\t\n\t\t\t\t\n\t\t\t\t\n\t\t\t\t\t\t\t\t\t<a rel=\"noopener noreferrer nofollow\" href=\"https:\/\/www.instagram.com\/km_cleaningservices\/\" target=\"_blank\" class=\" wd-social-icon social-instagram\" aria-label=\"Instagram social link\">\n\t\t\t\t\t\t<span class=\"wd-icon\"><\/span>\n\t\t\t\t\t\t\t\t\t\t\t<\/a>\n\t\t\t\t\n\t\t\t\t\n\t\t\t\t\n\t\t\t\t\n\t\t\t\t\t\t\t\t\t<a rel=\"noopener noreferrer nofollow\" href=\"https:\/\/www.linkedin.com\/in\/mari-kadi-05ab90227\/\" target=\"_blank\" class=\" wd-social-icon social-linkedin\" aria-label=\"Linkedin social link\">\n\t\t\t\t\t\t<span class=\"wd-icon\"><\/span>\n\t\t\t\t\t\t\t\t\t\t\t<\/a>\n\t\t\t\t\n\t\t\t\t\n\t\t\t\t\n\t\t\t\t\n\t\t\t\t\n\t\t\t\t\n\t\t\t\t\n\t\t\t\t\n\t\t\t\t\n\t\t\t\t\t\t\t\t\t<a rel=\"noopener noreferrer nofollow\" href=\"https:\/\/wa.me\/14382706437\" target=\"_blank\" class=\"whatsapp-desktop  wd-social-icon social-whatsapp\" aria-label=\"WhatsApp social link\">\n\t\t\t\t\t\t<span class=\"wd-icon\"><\/span>\n\t\t\t\t\t\t\t\t\t\t\t<\/a>\n\t\t\t\t\t\n\t\t\t\t\t<a rel=\"noopener noreferrer nofollow\" href=\"https:\/\/wa.me\/14382706437\" target=\"_blank\" class=\"whatsapp-mobile  wd-social-icon social-whatsapp\" aria-label=\"WhatsApp social link\">\n\t\t\t\t\t\t<span class=\"wd-icon\"><\/span>\n\t\t\t\t\t\t\t\t\t\t\t<\/a>\n\t\t\t\t\n\t\t\t\t\t\t\t\t\n\t\t\t\t\t\t\t\t\n\t\t\t\t\n\t\t\t\t\n\t\t\t\t\t\t\t\t\n\t\t\t\t\n\t\t\t<\/div>\n\n\t\t[vc_empty_space woodmart_hide_large=&#8221;0&#8243; woodmart_hide_medium=&#8221;0&#8243; woodmart_hide_small=&#8221;0&#8243;]\t\t\t<link rel=\"stylesheet\" id=\"wd-list-css\" href=\"https:\/\/km-cleaning.com\/commercial\/wp-content\/themes\/woodmart\/css\/parts\/el-list.min.css?ver=7.5.1\" type=\"text\/css\" media=\"all\" \/> \t\t\t\n\t\t<ul class=\" wd-rs-66fc86366d275 wd-list wd-wpb color-scheme-light wd-fontsize-s wd-list-type-icon wd-list-style-default wd-justify-left vc_custom_1727825472536\" id=\"wd-66fc86366d275\">\n\t\t\t\t\t\t\t\t\t\t\t<li>\n\t\t\t\t\t<img loading=\"lazy\" decoding=\"async\"  src=\"https:\/\/km-cleaning.com\/commercial\/wp-content\/uploads\/2024\/07\/Phone-icon-2.svg\" title=\"Phone icon\" width=\"20\" height=\"20\">\n\t\t\t\t\t<span class=\"list-content\">+1 514 591-8620<\/span>\n\t\t\t\t\t\t\t\t\t\t\t<a class=\"wd-fill\" href=\"tel:+1 514 591-8620\" title=\"\" aria-label=\"List link\"><\/a>\n\t\t\t\t\t\t\t\t\t<\/li>\n\t\t\t\t\t\t\t\t\t\t\t<li>\n\t\t\t\t\t<span class=\"list-icon wd-icon far fa-envelope\"><\/span>\n\t\t\t\t\t<span class=\"list-content\">info@km-cleaning.com<\/span>\n\t\t\t\t\t\t\t\t\t\t\t<a class=\"wd-fill\" href=\"mailto:info@km-cleaning.com\" title=\"\" aria-label=\"List link\"><\/a>\n\t\t\t\t\t\t\t\t\t<\/li>\n\t\t\t\t\t<\/ul>\n\t\t[\/vc_column][\/vc_row]<\/p>\n<\/div>","protected":false},"excerpt":{"rendered":"<p>[vc_row full_width=&#8221;stretch_row&#8221; css_animation=&#8221;none&#8221; woodmart_css_id=&#8221;668fb1c6a8cf2&#8243; responsive_spacing=&#8221;eyJwYXJhbV90eXBlIjoid29vZG1hcnRfcmVzcG9uc2l2ZV9zcGFjaW5nIiwic2VsZWN0b3JfaWQiOiI2NjhmYjFjNmE4Y2YyIiwic2hvcnRjb2RlIjoidmNfcm93IiwiZGF0YSI6eyJ0YWJsZXQiOnsibWFyZ2luLWJvdHRvbSI6IjYwcHgifSwibW9iaWxlIjp7fX19&#8243; mobile_bg_img_hidden=&#8221;no&#8221; tablet_bg_img_hidden=&#8221;no&#8221; woodmart_parallax=&#8221;0&#8243; woodmart_gradient_switch=&#8221;no&#8221; woodmart_box_shadow=&#8221;no&#8221; wd_z_index=&#8221;no&#8221; woodmart_disable_overflow=&#8221;0&#8243; row_reverse_mobile=&#8221;0&#8243; row_reverse_tablet=&#8221;0&#8243; css=&#8221;.vc_custom_1720693217904{background-image: url(http:\/\/km-cleaning.com\/commercial\/wp-content\/uploads\/2024\/04\/window-bg.jpg?id=9434) !important;}&#8221;][vc_column][vc_empty_space height=&#8221;170px&#8221; woodmart_hide_large=&#8221;0&#8243; woodmart_hide_medium=&#8221;0&#8243;<\/p>\n","protected":false},"author":2,"featured_media":0,"parent":0,"menu_order":0,"comment_status":"closed","ping_status":"closed","template":"","meta":{"footnotes":""},"class_list":["post-9750","page","type-page","status-publish","hentry"],"_links":{"self":[{"href":"https:\/\/km-cleaning.com\/commercial\/wp-json\/wp\/v2\/pages\/9750","targetHints":{"allow":["GET"]}}],"collection":[{"href":"https:\/\/km-cleaning.com\/commercial\/wp-json\/wp\/v2\/pages"}],"about":[{"href":"https:\/\/km-cleaning.com\/commercial\/wp-json\/wp\/v2\/types\/page"}],"author":[{"embeddable":true,"href":"https:\/\/km-cleaning.com\/commercial\/wp-json\/wp\/v2\/users\/2"}],"replies":[{"embeddable":true,"href":"https:\/\/km-cleaning.com\/commercial\/wp-json\/wp\/v2\/comments?post=9750"}],"version-history":[{"count":4,"href":"https:\/\/km-cleaning.com\/commercial\/wp-json\/wp\/v2\/pages\/9750\/revisions"}],"predecessor-version":[{"id":9775,"href":"https:\/\/km-cleaning.com\/commercial\/wp-json\/wp\/v2\/pages\/9750\/revisions\/9775"}],"wp:attachment":[{"href":"https:\/\/km-cleaning.com\/commercial\/wp-json\/wp\/v2\/media?parent=9750"}],"curies":[{"name":"wp","href":"https:\/\/api.w.org\/{rel}","templated":true}]}}